{"id":7983,"date":"2019-09-09T15:00:44","date_gmt":"2019-09-09T13:00:44","guid":{"rendered":"https:\/\/www.boryszew.com.pl\/?page_id=7983"},"modified":"2024-01-20T20:11:05","modified_gmt":"2024-01-20T19:11:05","slug":"medienberichte","status":"publish","type":"page","link":"https:\/\/www.boryszew.com.pl\/de\/medienberichte\/","title":{"rendered":"Medien \u00fcber die Gruppe"},"content":{"rendered":"<p>Die Artikel \u00fcber die Boryszew-Gruppe sind nur auf Polnisch oder auf Englisch verf\u00fcgbar.<\/p>\n<p>Auf Polnisch \u2013 unter\u00a0<a href=\"https:\/\/www.boryszew.com.pl\/aktualnosci\/\">https:\/\/www.boryszew.com.pl\/aktualnosci\/<\/a><\/p>\n<p>Auf Englisch \u2013 unter\u00a0<a href=\"https:\/\/www.boryszew.com.pl\/en\/news\/\">https:\/\/www.boryszew.com.pl\/en\/news\/<\/a><\/p>\n","protected":false},"excerpt":{"rendered":"<p>Die Artikel \u00fcber die Boryszew-Gruppe sind nur auf Polnisch oder auf Englisch verf\u00fcgbar. Auf<span class=\"excerpt-hellip\"> [\u2026]<\/span><\/p>\n","protected":false},"author":2,"featured_media":0,"parent":0,"menu_order":0,"comment_status":"closed","ping_status":"closed","template":"","meta":{"footnotes":""},"_links":{"self":[{"href":"https:\/\/www.boryszew.com.pl\/de\/wp-json\/wp\/v2\/pages\/7983"}],"collection":[{"href":"https:\/\/www.boryszew.com.pl\/de\/wp-json\/wp\/v2\/pages"}],"about":[{"href":"https:\/\/www.boryszew.com.pl\/de\/wp-json\/wp\/v2\/types\/page"}],"author":[{"embeddable":true,"href":"https:\/\/www.boryszew.com.pl\/de\/wp-json\/wp\/v2\/users\/2"}],"replies":[{"embeddable":true,"href":"https:\/\/www.boryszew.com.pl\/de\/wp-json\/wp\/v2\/comments?post=7983"}],"version-history":[{"count":9,"href":"https:\/\/www.boryszew.com.pl\/de\/wp-json\/wp\/v2\/pages\/7983\/revisions"}],"predecessor-version":[{"id":8778,"href":"https:\/\/www.boryszew.com.pl\/de\/wp-json\/wp\/v2\/pages\/7983\/revisions\/8778"}],"wp:attachment":[{"href":"https:\/\/www.boryszew.com.pl\/de\/wp-json\/wp\/v2\/media?parent=7983"}],"curies":[{"name":"wp","href":"https:\/\/api.w.org\/{rel}","templated":true}]}}