{"id":8531,"date":"2020-02-26T17:21:33","date_gmt":"2020-02-26T16:21:33","guid":{"rendered":"https:\/\/www.boryszew.com.pl\/?page_id=8531"},"modified":"2020-10-22T12:10:21","modified_gmt":"2020-10-22T10:10:21","slug":"beschlussvorschlaege","status":"publish","type":"page","link":"https:\/\/www.boryszew.com.pl\/de\/beschlussvorschlaege\/","title":{"rendered":"Beschlussvorschl\u00e4ge"},"content":{"rendered":"<p>Die Beschlussvorschl\u00e4ge f\u00fcr die Hauptversamlung der Boryszew S.A. sind nur auf Polnisch und auf Englisch verf\u00fcgbar.<\/p>\n<p>Auf Polnisch \u2013 unter\u00a0<a href=\"https:\/\/www.boryszew.com.pl\/projekty-uchwal\/\">https:\/\/www.boryszew.com.pl\/projekty-uchwal\/<\/a><\/p>\n<p>Auf Englisch \u2013 unter\u00a0<a href=\"https:\/\/www.boryszew.com.pl\/en\/draft-resolutions\/\">https:\/\/www.boryszew.com.pl\/en\/draft-resolutions\/<\/a><\/p>\n","protected":false},"excerpt":{"rendered":"<p>Die Beschlussvorschl\u00e4ge f\u00fcr die Hauptversamlung der Boryszew S.A. sind nur auf Polnisch und auf<span class=\"excerpt-hellip\"> [\u2026]<\/span><\/p>\n","protected":false},"author":7,"featured_media":0,"parent":0,"menu_order":0,"comment_status":"closed","ping_status":"closed","template":"","meta":{"footnotes":""},"_links":{"self":[{"href":"https:\/\/www.boryszew.com.pl\/de\/wp-json\/wp\/v2\/pages\/8531"}],"collection":[{"href":"https:\/\/www.boryszew.com.pl\/de\/wp-json\/wp\/v2\/pages"}],"about":[{"href":"https:\/\/www.boryszew.com.pl\/de\/wp-json\/wp\/v2\/types\/page"}],"author":[{"embeddable":true,"href":"https:\/\/www.boryszew.com.pl\/de\/wp-json\/wp\/v2\/users\/7"}],"replies":[{"embeddable":true,"href":"https:\/\/www.boryszew.com.pl\/de\/wp-json\/wp\/v2\/comments?post=8531"}],"version-history":[{"count":3,"href":"https:\/\/www.boryszew.com.pl\/de\/wp-json\/wp\/v2\/pages\/8531\/revisions"}],"predecessor-version":[{"id":8770,"href":"https:\/\/www.boryszew.com.pl\/de\/wp-json\/wp\/v2\/pages\/8531\/revisions\/8770"}],"wp:attachment":[{"href":"https:\/\/www.boryszew.com.pl\/de\/wp-json\/wp\/v2\/media?parent=8531"}],"curies":[{"name":"wp","href":"https:\/\/api.w.org\/{rel}","templated":true}]}}