{"id":8533,"date":"2020-02-26T17:24:28","date_gmt":"2020-02-26T16:24:28","guid":{"rendered":"https:\/\/www.boryszew.com.pl\/?page_id=8533"},"modified":"2020-10-22T12:10:36","modified_gmt":"2020-10-22T10:10:36","slug":"beschluesse-der-hauptversammlung","status":"publish","type":"page","link":"https:\/\/www.boryszew.com.pl\/de\/beschluesse-der-hauptversammlung\/","title":{"rendered":"Beschl\u00fcsse der Hauptversammlung"},"content":{"rendered":"<p>Die Beschl\u00fcsse der Hauptversammlung der Boryszew S.A. (mit Abstimmungsergebnissen) sind nur auf Polnisch und auf Englisch verf\u00fcgbar.<\/p>\n<p>Auf Polnisch \u2013 unter\u00a0<a href=\"https:\/\/www.boryszew.com.pl\/uchwaly-podjete\/\">https:\/\/www.boryszew.com.pl\/uchwaly-podjete\/<\/a><\/p>\n<p>Auf Englisch \u2013 unter\u00a0<a href=\"https:\/\/www.boryszew.com.pl\/en\/resolutions-adopted\/\">https:\/\/www.boryszew.com.pl\/en\/resolutions-adopted\/<\/a><\/p>\n","protected":false},"excerpt":{"rendered":"<p>Die Beschl\u00fcsse der Hauptversammlung der Boryszew S.A. (mit Abstimmungsergebnissen) sind nur auf Polnisch und<span class=\"excerpt-hellip\"> [\u2026]<\/span><\/p>\n","protected":false},"author":7,"featured_media":0,"parent":0,"menu_order":0,"comment_status":"closed","ping_status":"closed","template":"","meta":{"footnotes":""},"_links":{"self":[{"href":"https:\/\/www.boryszew.com.pl\/de\/wp-json\/wp\/v2\/pages\/8533"}],"collection":[{"href":"https:\/\/www.boryszew.com.pl\/de\/wp-json\/wp\/v2\/pages"}],"about":[{"href":"https:\/\/www.boryszew.com.pl\/de\/wp-json\/wp\/v2\/types\/page"}],"author":[{"embeddable":true,"href":"https:\/\/www.boryszew.com.pl\/de\/wp-json\/wp\/v2\/users\/7"}],"replies":[{"embeddable":true,"href":"https:\/\/www.boryszew.com.pl\/de\/wp-json\/wp\/v2\/comments?post=8533"}],"version-history":[{"count":5,"href":"https:\/\/www.boryszew.com.pl\/de\/wp-json\/wp\/v2\/pages\/8533\/revisions"}],"predecessor-version":[{"id":8771,"href":"https:\/\/www.boryszew.com.pl\/de\/wp-json\/wp\/v2\/pages\/8533\/revisions\/8771"}],"wp:attachment":[{"href":"https:\/\/www.boryszew.com.pl\/de\/wp-json\/wp\/v2\/media?parent=8533"}],"curies":[{"name":"wp","href":"https:\/\/api.w.org\/{rel}","templated":true}]}}